{"id":466,"date":"2016-08-09T13:59:01","date_gmt":"2016-08-09T12:59:01","guid":{"rendered":"http:\/\/www.perovsek.si\/en\/?page_id=466"},"modified":"2016-08-09T13:59:06","modified_gmt":"2016-08-09T12:59:06","slug":"saeta-koncert-concert-2006","status":"publish","type":"page","link":"http:\/\/www.perovsek.si\/en\/saeta-koncert-concert-2006\/","title":{"rendered":"SAETA Koncert \/ Concert 2006"},"content":{"rendered":"<p><em><strong>edited and produced by SAETA, 2007<\/strong><\/em><br \/>\nSAETA, group for experimental music, saw its beginning in 1977. The group asserted in years 1979 &#8211; 1981. CD is bringing us a concert of the group, recorded in Be\u017eigrajska Gallery 2, Ljubljana on September 5 2006. About music and a group &#8211; Milan Dekleva.<\/p>\n<p><img fetchpriority=\"high\" decoding=\"async\" class=\"alignnone wp-image-341 size-full\" src=\"http:\/\/www.perovsek.si\/wp-content\/uploads\/2016\/08\/saeta-ovitek.png\" alt=\"saeta-ovitek\" width=\"480\" height=\"479\" \/><img decoding=\"async\" class=\"alignnone wp-image-342 size-full\" src=\"http:\/\/www.perovsek.si\/wp-content\/uploads\/2016\/08\/saeta_hrbet.png\" alt=\"saeta_hrbet\" width=\"480\" height=\"391\" \/><\/p>\n<p>Recorded in Be\u017eigrajska galerija 2, Ljubljana, Slovenia, September 5 2006, 51:39 min.<br \/>\nSound engineer: Vladimir Hmeljak,<br \/>\nMixing: Bo\u0161tjan Perov\u0161ek<br \/>\nTehnical supervisor: Bo\u0161tjan Perov\u0161ek,<br \/>\nDigital mastering: Neven Smol\u010di\u010d, Fabrika 13<br \/>\nProduction: Bo\u0161tjan Perov\u0161ek<\/p>\n<p>Text: Milan Dekleva, Object: Zven Jak\u0161a, Design: Milo\u0161 Ba\u0161in, Photographs: Lado Jak\u0161a, Cover: Jaka Bregar<\/p>\n<p>SAETA, <em>group for experimental music<\/em> saw its beginning in 1977 in Ljubljana, Slovenia.<br \/>\nKoncerti \/ Selected: Paris, 1980, The Youth Biennial, Graz, 1984, Styrian Autumn, Belgrade, 1980 \u2013 , Slovenia, Ljubljana,<br \/>\nBe\u017eigrajska galerija 1 in 2, Cankarjev dom, Jakopi\u010devo razstavi\u0161\u010de, Moderna galerija, Ajdov\u0161\u010dina, Koper, Kranj, Kostanjevica na Krki, Maribor, Nova Gorica, Novo Mesto, Tr\u017ei\u010d \u2026<\/p>\n<hr \/>\n<p><strong>Moving in time<\/strong><\/p>\n<p>What is Saeta\u2019s music, the flow of ringing and tinkling, which comes into being and then fades away, designed as the performing present about? What is the poetics of the music in which sound is not arranged into pleasing or harmonious patterns but in free-flowing rhythms? Words are, by the pattern, arranged to form a series of thoughts, but the sounds of Saeta\u2019s music are not ordered into patterns. Saeta aims at weakening the order, the pattern, and the determination.<br \/>\nYet, I will try to describe Saeta\u2019s music: it seems- as much as our environment is concerned- not designed for ready appeal to popular taste, for the musicians of Saeta genuinely believe in the magic power sound effects have. They think, like the ancient Indians, that the origin of sound is in the cosmos, close to the sphere where the world began. In the contemporary (elderly) world, we are not really in favour of such beliefs and views on art; we are prejudiced against them, considering them as a sign of immaturity and childishness. However, to see sound as the origin of existence is to be aware of the essence of life and the power it has.<br \/>\nThe more we rely upon the magic, the more we become aware of its generating force, and eventually develop a deeper understanding of the mystery of life, the mythical power of all existence. However, in the contemporary world, there is a tendency not to cherish a creation myth, but simply to give it up, which is not a sensible thing to do, because in doing so we actually foster a sense of the world being mythical. The music that conveys a mythical sense of creation is not determined by a particular space or time but moves here and there easily, encouraging us to set off for the quest of the Universal, bringing us close to the transcendental. This the music that does not die out over time, but perpetually moves in time. What we can hear is the periods of silence dramatically intermingling with those of sound, the thin with the thick. What else could this music be but the world in its primeval counterpoint and harmony?<br \/>\nNo, the aim of Saeta is not only to entertain and relax, but also to evoke in the listener a sense of chaos, which is oppressive. Despite of this Saeta\u2019s music has the effect of a mantra and can induce a meditative state in the listener; it can soothe both his soul and skin. We consider ourselves civilized, being able to keep the contemporary world in order, but, fortunately, we still exist as the creatures of the wild. It is not that we are bestial in nature but we continue living as wild beings, because in our ears the Primeval Beginning music, in its totality, keeps ringing.<br \/>\n<em>Milan Dekleva<\/em><\/p>\n","protected":false},"excerpt":{"rendered":"<p>edited and produced by SAETA, 2007 SAETA, group for experimental music, saw its beginning in 1977. The group asserted in years 1979 &#8211; 1981. CD is bringing us a concert of the group, recorded in Be\u017eigrajska Gallery 2, Ljubljana on September 5 2006. About music and a group &#8211; Milan Dekleva. Recorded in Be\u017eigrajska galerija [&hellip;]<\/p>\n","protected":false},"author":1,"featured_media":0,"parent":0,"menu_order":0,"comment_status":"closed","ping_status":"closed","template":"page-fullwidth.php","meta":{"footnotes":""},"class_list":["post-466","page","type-page","status-publish","hentry"],"jetpack_sharing_enabled":true,"_links":{"self":[{"href":"http:\/\/www.perovsek.si\/en\/wp-json\/wp\/v2\/pages\/466","targetHints":{"allow":["GET"]}}],"collection":[{"href":"http:\/\/www.perovsek.si\/en\/wp-json\/wp\/v2\/pages"}],"about":[{"href":"http:\/\/www.perovsek.si\/en\/wp-json\/wp\/v2\/types\/page"}],"author":[{"embeddable":true,"href":"http:\/\/www.perovsek.si\/en\/wp-json\/wp\/v2\/users\/1"}],"replies":[{"embeddable":true,"href":"http:\/\/www.perovsek.si\/en\/wp-json\/wp\/v2\/comments?post=466"}],"version-history":[{"count":0,"href":"http:\/\/www.perovsek.si\/en\/wp-json\/wp\/v2\/pages\/466\/revisions"}],"wp:attachment":[{"href":"http:\/\/www.perovsek.si\/en\/wp-json\/wp\/v2\/media?parent=466"}],"curies":[{"name":"wp","href":"https:\/\/api.w.org\/{rel}","templated":true}]}}