{"id":452,"date":"2016-08-09T13:19:39","date_gmt":"2016-08-09T12:19:39","guid":{"rendered":"http:\/\/www.perovsek.si\/en\/?page_id=452"},"modified":"2016-08-09T13:34:59","modified_gmt":"2016-08-09T12:34:59","slug":"sotocja-en","status":"publish","type":"page","link":"http:\/\/www.perovsek.si\/en\/sotocja-en\/","title":{"rendered":"SAETA feat. Tinkara Kova\u010d \u2013 Soto\u010dja \/ Confluences"},"content":{"rendered":"<p><em><strong>edited and produced by SAETA, 2011<\/strong><\/em><br \/>\nCD with a live performace on the festival Sajeta, Tolmin, Slovenia in 2007, when SAETA celebrated its 30th year. On this\u00a0occasion a singer \u00a0and flute player Tinkara Kova\u010d joined the band. About music and concert &#8211; Boris Brada\u010d.<\/p>\n<p><img fetchpriority=\"high\" decoding=\"async\" class=\"alignnone size-full wp-image-379\" src=\"http:\/\/www.perovsek.si\/wp-content\/uploads\/2016\/08\/sotocja-1-1.png\" alt=\"sotocja 1\" width=\"480\" height=\"482\" \/><\/p>\n<p><img decoding=\"async\" class=\"alignnone wp-image-380\" src=\"http:\/\/www.perovsek.si\/wp-content\/uploads\/2016\/08\/210199_1972727559507_1041137_o.png\" alt=\"210199_1972727559507_1041137_o\" width=\"480\" height=\"418\" \/><\/p>\n<p><strong>SAETA:<\/strong><br \/>\nMilo\u0161 Ba\u0161in &#8211; percussion, traditional instruments<br \/>\nAle\u0161 Gaspari\u010d &#8211; flutes, ocarina, pipes<br \/>\nLado Jak\u0161a &#8211; wind instruments, keyboards<br \/>\nBo\u0161tjan Perov\u0161ek &#8211; computer, soundscapes<br \/>\nJo\u017ee Slak &#8211; tabla, percussion<br \/>\nfeat. Tinkara Kova\u010d &#8211; flute, voice<br \/>\nRecorded in festival Sajeta, Tolmin, Slovenia, 2. august 2007, 42:42<\/p>\n<hr \/>\n<p><strong>Confluences<\/strong><\/p>\n<p>When seasoned musicians \u2013 or better, explorers of sound or creators of soundscapes \u2013 join forces with a well-known flutist from the world of pop, this can conjure up all sorts of ideas. But the only thing that matters is what can be heard.<\/p>\n<p>And what can be heard? Nothing. Why nothing? Because the sounds produced by SAETA are so natural, so very much a part of us, we barely perceive them. They are inscribed in our genome to the point of seeming self-evident. Only in certain moments \u2013 especially during a live performance \u2013 we realize there are people behind these noises. People who know how to listen and who have translated into our everyday lives the sounds we have already forgotten.<\/p>\n<p>After years of making soundscapes, SAETA feels that the time has come to let a person who uses her voice as her principal instrument into their midst. This person is Tinkara Kova\u010d. Bringing her flute along, she came to the little copse above the confluence of the Tolminka and the So\u010da Rivers. And just as the two rivers flow together there, the two poles joined: the female and the male, the old and the new, experiment and pop. Improvised music is the exclusive domain of live performances. Like river water irrevocably flowing away, music is unrepeatable. What remains is the document you have before you.<\/p>\n<p><em>Boris Brada\u010d<\/em><\/p>\n","protected":false},"excerpt":{"rendered":"<p>edited and produced by SAETA, 2011 CD with a live performace on the festival Sajeta, Tolmin, Slovenia in 2007, when SAETA celebrated its 30th year. On this\u00a0occasion a singer \u00a0and flute player Tinkara Kova\u010d joined the band. About music and concert &#8211; Boris Brada\u010d. SAETA: Milo\u0161 Ba\u0161in &#8211; percussion, traditional instruments Ale\u0161 Gaspari\u010d &#8211; flutes, [&hellip;]<\/p>\n","protected":false},"author":1,"featured_media":0,"parent":0,"menu_order":0,"comment_status":"closed","ping_status":"closed","template":"page-fullwidth.php","meta":{"footnotes":""},"class_list":["post-452","page","type-page","status-publish","hentry"],"jetpack_sharing_enabled":true,"_links":{"self":[{"href":"http:\/\/www.perovsek.si\/en\/wp-json\/wp\/v2\/pages\/452","targetHints":{"allow":["GET"]}}],"collection":[{"href":"http:\/\/www.perovsek.si\/en\/wp-json\/wp\/v2\/pages"}],"about":[{"href":"http:\/\/www.perovsek.si\/en\/wp-json\/wp\/v2\/types\/page"}],"author":[{"embeddable":true,"href":"http:\/\/www.perovsek.si\/en\/wp-json\/wp\/v2\/users\/1"}],"replies":[{"embeddable":true,"href":"http:\/\/www.perovsek.si\/en\/wp-json\/wp\/v2\/comments?post=452"}],"version-history":[{"count":0,"href":"http:\/\/www.perovsek.si\/en\/wp-json\/wp\/v2\/pages\/452\/revisions"}],"wp:attachment":[{"href":"http:\/\/www.perovsek.si\/en\/wp-json\/wp\/v2\/media?parent=452"}],"curies":[{"name":"wp","href":"https:\/\/api.w.org\/{rel}","templated":true}]}}