{"id":451,"date":"2016-08-09T13:16:07","date_gmt":"2016-08-09T12:16:07","guid":{"rendered":"http:\/\/www.perovsek.si\/en\/?page_id=451"},"modified":"2016-08-09T13:16:07","modified_gmt":"2016-08-09T12:16:07","slug":"saeta2008-en","status":"publish","type":"page","link":"http:\/\/www.perovsek.si\/en\/saeta2008-en\/","title":{"rendered":"SAETA koncert \/ Concert 2008"},"content":{"rendered":"<p><em><strong>edited and produced by SAETA, 2009<\/strong><\/em><br \/>\nSAETA, group for experimental music, saw its beginning in 1977. The group asserted in years 1979 &#8211; 1981. CD is bringing us a concert of the group, recorded in Be\u017eigrajska Gallery 2, Ljubljana on May 20, 2008. About music &#8211; two visitors.<\/p>\n<p><img fetchpriority=\"high\" decoding=\"async\" class=\"alignnone size-full wp-image-375\" src=\"http:\/\/www.perovsek.si\/wp-content\/uploads\/2016\/08\/saeta-cd-2008.png\" alt=\"saeta-cd-2008\" width=\"480\" height=\"490\" \/><\/p>\n<p><img decoding=\"async\" class=\"alignnone size-full wp-image-376\" src=\"http:\/\/www.perovsek.si\/wp-content\/uploads\/2016\/08\/saeta-cd-2008_h.png\" alt=\"saeta-cd-2008_h\" width=\"480\" height=\"384\" \/><\/p>\n<p>Recorded in Be\u017eigrajska gallery 2, Ljubljana, Slovenia, May 20, 2008, 53.19 min.<br \/>\nSound engineer: Iztok Zupan,<br \/>\nMixing: Bo\u0161tjan Perov\u0161ek<br \/>\nTehnical supervisor: Bo\u0161tjan Perov\u0161ek,<br \/>\nDigital mastering: Neven Smol\u010di\u010d, Fabrika 13<br \/>\nProduction: Bo\u0161tjan Perov\u0161ek<br \/>\nText: Barbara Kelbl, Nicole Speletic, Design: Milo\u0161 Ba\u0161in, Photographs: Lado Jak\u0161a<\/p>\n<p>SAETA, <em>group for experimental music<\/em> saw its beginning in 1977 in Ljubljana, Slovenia.<br \/>\nKoncerti \/ Selected: Paris, 1980, The Youth Biennial, Graz, 1984, Styrian Autumn, Belgrade, 1980 \u2013 , Slovenia, Ljubljana,<br \/>\nBe\u017eigrajska galerija 1 in 2, Cankarjev dom, Jakopi\u010devo razstavi\u0161\u010de, Moderna galerija, Ajdov\u0161\u010dina, Koper, Kranj, Kostanjevica na Krki, Maribor, Nova Gorica, Novo Mesto, Tr\u017ei\u010d \u2026<\/p>\n<hr \/>\n<hr \/>\n<p>Thank you for inviting me to your concert yesterday, and congratulations. To be honest, I\u2019d felt slightly apprehensive beforehand \u2013 I let myself be talked into attending experimental-impro-jazz-fusion-noise-eclectic-you-name-it events too often, and, seeing as you were to play live, I thought I was in for something of the sort rather than the kind of music I know from your recordings. As it turned out, I was thrilled. Great music and you were great to watch, too. I loved the way you guided us up and down, throughout the concert, so that I\u2019d suddenly find myself in a completely different part of the music, with no idea how I\u2019d got there, not having noticed the transition, just aware of the sound being totally different. I was really impressed by this feeling of being gently taken through transitions.<br \/>\nHow come you don\u2019t perform more often? I\u2019m joining the Saeta fan club and look forward to invitations to your future concerts..<\/p>\n<p><em>Barbara Kelbl, dramaturge, Ljubljana<\/em><\/p>\n<hr \/>\n<p>I remember very clearly that I found myself feeling as though I was inhabiting different spaces. It was as if the sounds formed places and took us through them \u2026 large, vast open spaces or intricate, close, textured spaces \u2026 and I was very active in my journey and found myself actually moving around in my seat as though I was truly going on a voyage and moving through space with the sounds \u2026<\/p>\n<p><em>Nicole Speletic, dancer, philosopher, New York, USA<\/em><\/p>\n","protected":false},"excerpt":{"rendered":"<p>edited and produced by SAETA, 2009 SAETA, group for experimental music, saw its beginning in 1977. The group asserted in years 1979 &#8211; 1981. CD is bringing us a concert of the group, recorded in Be\u017eigrajska Gallery 2, Ljubljana on May 20, 2008. About music &#8211; two visitors. Recorded in Be\u017eigrajska gallery 2, Ljubljana, Slovenia, [&hellip;]<\/p>\n","protected":false},"author":1,"featured_media":0,"parent":0,"menu_order":0,"comment_status":"closed","ping_status":"closed","template":"page-fullwidth.php","meta":{"footnotes":""},"class_list":["post-451","page","type-page","status-publish","hentry"],"jetpack_sharing_enabled":true,"_links":{"self":[{"href":"http:\/\/www.perovsek.si\/en\/wp-json\/wp\/v2\/pages\/451","targetHints":{"allow":["GET"]}}],"collection":[{"href":"http:\/\/www.perovsek.si\/en\/wp-json\/wp\/v2\/pages"}],"about":[{"href":"http:\/\/www.perovsek.si\/en\/wp-json\/wp\/v2\/types\/page"}],"author":[{"embeddable":true,"href":"http:\/\/www.perovsek.si\/en\/wp-json\/wp\/v2\/users\/1"}],"replies":[{"embeddable":true,"href":"http:\/\/www.perovsek.si\/en\/wp-json\/wp\/v2\/comments?post=451"}],"version-history":[{"count":0,"href":"http:\/\/www.perovsek.si\/en\/wp-json\/wp\/v2\/pages\/451\/revisions"}],"wp:attachment":[{"href":"http:\/\/www.perovsek.si\/en\/wp-json\/wp\/v2\/media?parent=451"}],"curies":[{"name":"wp","href":"https:\/\/api.w.org\/{rel}","templated":true}]}}