{"id":448,"date":"2016-08-09T12:32:53","date_gmt":"2016-08-09T11:32:53","guid":{"rendered":"http:\/\/www.perovsek.si\/en\/?page_id=448"},"modified":"2016-08-30T18:53:49","modified_gmt":"2016-08-30T17:53:49","slug":"saeta-concert-1979","status":"publish","type":"page","link":"http:\/\/www.perovsek.si\/en\/saeta-concert-1979\/","title":{"rendered":"SAETA concert (1979)"},"content":{"rendered":"<p><em><strong>edited and produced by SAETA, 1997<\/strong><\/em><br \/>\nSAETA, group for experimental music, saw its beginning in 1977. The group asserted in years 1979 &#8211; 1981. CD is bringing us a concert of the group, recorded in Be\u017eigrajska Gallery Ljubljana on February 17, 1979.<\/p>\n<p><img fetchpriority=\"high\" decoding=\"async\" class=\"size-full wp-image-334 alignnone\" src=\"http:\/\/www.perovsek.si\/wp-content\/uploads\/2016\/08\/saeta79_n.png\" alt=\"saeta79_n\" width=\"480\" height=\"442\" \/><\/p>\n<p>Members, playing on the concert 1979:<br \/>\nMilo\u0161 Ba\u0161in: percussion, traditional musical instruments<br \/>\nAle\u0161 Gaspari\u010d: flute, pipes<br \/>\nLado Jak\u0161a: clarinet, alt saxophone<br \/>\nBo\u0161tjan Perov\u0161ek: accordion, alt clarinet<br \/>\nBor Turel: piano<\/p>\n<hr \/>\n<p>SAETA, <em>group for experimental music<\/em>, saw its beginning in 1977 and was initiated by Bor Turel, a composer and a pianist and by Milo\u0161 Ba\u0161in. The group asserted in years 1979 &#8211; 1981, it gained the first international assertion by participating in The Youth Biennial held in Paris 1980. Furthermore, it performed at the Styrian Autumn held in Graz 1984. The group is focused on the achievements and findings reached by avant-garde music, experimental music and music of minimalism.<\/p>\n<div id=\"attachment_335\" style=\"width: 490px\" class=\"wp-caption alignleft\"><img decoding=\"async\" aria-describedby=\"caption-attachment-335\" class=\"wp-image-335 size-full\" src=\"http:\/\/www.perovsek.si\/wp-content\/uploads\/2016\/08\/saeta_04.png\" alt=\"saeta_04\" width=\"480\" height=\"330\" \/><p id=\"caption-attachment-335\" class=\"wp-caption-text\">SAETA on concert, Be\u017eigrajska Gallery 2 Ljubljana, November 2004. From left to right: Milo\u0161 Ba\u0161in, Ale\u0161 Gaspari\u010d, Jo\u017ee Slak, Lado Jak\u0161a, Bo\u0161tjan Perov\u0161ek<\/p><\/div>\n","protected":false},"excerpt":{"rendered":"<p>edited and produced by SAETA, 1997 SAETA, group for experimental music, saw its beginning in 1977. The group asserted in years 1979 &#8211; 1981. CD is bringing us a concert of the group, recorded in Be\u017eigrajska Gallery Ljubljana on February 17, 1979. Members, playing on the concert 1979: Milo\u0161 Ba\u0161in: percussion, traditional musical instruments Ale\u0161 [&hellip;]<\/p>\n","protected":false},"author":1,"featured_media":0,"parent":0,"menu_order":0,"comment_status":"closed","ping_status":"closed","template":"page-fullwidth.php","meta":{"footnotes":""},"class_list":["post-448","page","type-page","status-publish","hentry"],"jetpack_sharing_enabled":true,"_links":{"self":[{"href":"http:\/\/www.perovsek.si\/en\/wp-json\/wp\/v2\/pages\/448","targetHints":{"allow":["GET"]}}],"collection":[{"href":"http:\/\/www.perovsek.si\/en\/wp-json\/wp\/v2\/pages"}],"about":[{"href":"http:\/\/www.perovsek.si\/en\/wp-json\/wp\/v2\/types\/page"}],"author":[{"embeddable":true,"href":"http:\/\/www.perovsek.si\/en\/wp-json\/wp\/v2\/users\/1"}],"replies":[{"embeddable":true,"href":"http:\/\/www.perovsek.si\/en\/wp-json\/wp\/v2\/comments?post=448"}],"version-history":[{"count":0,"href":"http:\/\/www.perovsek.si\/en\/wp-json\/wp\/v2\/pages\/448\/revisions"}],"wp:attachment":[{"href":"http:\/\/www.perovsek.si\/en\/wp-json\/wp\/v2\/media?parent=448"}],"curies":[{"name":"wp","href":"https:\/\/api.w.org\/{rel}","templated":true}]}}